{"id":847,"date":"2018-11-09T22:51:38","date_gmt":"2018-11-09T19:51:38","guid":{"rendered":"http:\/\/medanis.net\/nurgrup\/?page_id=847"},"modified":"2025-06-19T20:16:07","modified_gmt":"2025-06-19T17:16:07","slug":"kurumsal","status":"publish","type":"page","link":"https:\/\/orangepeelgrabs.com\/ar\/kurumsal\/","title":{"rendered":"\u062a\u0623\u0633\u064a\u0633\u064a\u0629"},"content":{"rendered":"<div style=\"direction: rtl; text-align: right; font-family: Arial, sans-serif; line-height: 1.8; padding: 20px; background-color: #ffffff; color: #000;\">\n<h1 style=\"color: #f75c03;\"><\/h1>\n<p>\u062a\u064f\u0639\u062f NG Attachments Makina D\u0131\u015f Ticaret A.\u015e. \u0634\u0631\u0643\u0629 \u062a\u0631\u0643\u064a\u0629 \u0631\u0627\u0626\u062f\u0629 \u0641\u064a \u062a\u0635\u0646\u064a\u0639 \u0645\u0644\u062d\u0642\u0627\u062a \u0645\u0639\u062f\u0627\u062a \u0627\u0644\u0628\u0646\u0627\u0621 \u0648\u0627\u0644\u0622\u0644\u064a\u0627\u062a \u0627\u0644\u062b\u0642\u064a\u0644\u0629\u060c \u0648\u062a\u062a\u0645\u062a\u0639 \u0628\u0637\u0627\u0642\u0629 \u0625\u0646\u062a\u0627\u062c\u064a\u0629 \u0642\u0648\u064a\u0629 \u0641\u064a \u0627\u0644\u0623\u0633\u0648\u0627\u0642 \u0627\u0644\u062f\u0648\u0644\u064a\u0629. \u0646\u0642\u0648\u0645 \u0641\u064a \u0645\u0635\u0646\u0639\u0646\u0627 \u0627\u0644\u062d\u062f\u064a\u062b \u0627\u0644\u0648\u0627\u0642\u0639 \u0641\u064a \u0645\u0646\u0637\u0642\u0629 OST\u0130M \u0627\u0644\u0635\u0646\u0627\u0639\u064a\u0629 \u0628\u0627\u0644\u0639\u0627\u0635\u0645\u0629 \u0623\u0646\u0642\u0631\u0629\u060c \u0628\u0625\u0646\u062a\u0627\u062c \u0645\u0639\u062f\u0627\u062a \u0639\u0627\u0644\u064a\u0629 \u0627\u0644\u0623\u062f\u0627\u0621 \u0648\u0637\u0648\u064a\u0644\u0629 \u0627\u0644\u0639\u0645\u0631 \u0648\u0641\u0642\u064b\u0627 \u0644\u0644\u0645\u0639\u0627\u064a\u064a\u0631 \u0627\u0644\u0623\u0648\u0631\u0648\u0628\u064a\u0629.<\/p>\n<p>\u062a\u062a\u062e\u0635\u0635 \u0634\u0631\u0643\u062a\u0646\u0627 \u0641\u064a \u062a\u0635\u0646\u064a\u0639 <strong>\u0645\u0644\u062d\u0642\u0627\u062a \u0627\u0644\u062d\u0641\u0627\u0631\u0627\u062a<\/strong>\u060c <strong>\u0645\u0644\u062d\u0642\u0627\u062a \u0627\u0644\u0644\u0648\u062f\u0631 \u0628\u0639\u062c\u0644\u0627\u062a<\/strong>\u060c <strong>\u0645\u0644\u062d\u0642\u0627\u062a \u0627\u0644\u0644\u0648\u062f\u0631 \u0627\u0644\u0635\u063a\u064a\u0631 (Skid Steer)<\/strong>\u060c <strong>\u0645\u0644\u062d\u0642\u0627\u062a \u0627\u0644\u0631\u0627\u0641\u0639\u0627\u062a \u0627\u0644\u062a\u0644\u0633\u0643\u0648\u0628\u064a\u0629 (Telehandler)<\/strong>\u060c \u0625\u0644\u0649 \u062c\u0627\u0646\u0628 \u0625\u0646\u062a\u0627\u062c <strong>\u0642\u0637\u0639 \u0627\u0644\u063a\u064a\u0627\u0631 \u0627\u0644\u062e\u0627\u0635\u0629 \u0628\u0622\u0644\u0627\u062a \u0627\u0644\u0628\u0646\u0627\u0621<\/strong>. \u062a\u0634\u0645\u0644 \u0645\u062c\u0645\u0648\u0639\u0629 \u0645\u0646\u062a\u062c\u0627\u062a\u0646\u0627 \u0627\u0644\u062c\u0631\u0627\u0641\u0627\u062a\u060c \u0627\u0644\u0642\u0648\u0627\u0628\u0636 (Grab)\u060c \u0627\u0644\u0645\u0644\u062d\u0642\u0627\u062a \u0627\u0644\u0647\u064a\u062f\u0631\u0648\u0644\u064a\u0643\u064a\u0629\u060c \u0627\u0644\u0645\u0637\u0627\u0631\u0642 \u0627\u0644\u0647\u064a\u062f\u0631\u0648\u0644\u064a\u0643\u064a\u0629\u060c \u0627\u0644\u0623\u0630\u0631\u0639 \u0627\u0644\u0637\u0648\u064a\u0644\u0629\u060c \u0623\u0646\u0638\u0645\u0629 \u0627\u0644\u062a\u0631\u0643\u064a\u0628 \u0627\u0644\u0633\u0631\u064a\u0639\u060c \u0648\u0627\u0644\u0647\u064a\u0627\u0643\u0644 \u0627\u0644\u0641\u0648\u0644\u0627\u0630\u064a\u0629 \u0627\u0644\u062e\u0627\u0635\u0629 \u062d\u0633\u0628 \u0627\u0644\u0637\u0644\u0628.<\/p>\n<p>\u062c\u0645\u064a\u0639 \u0645\u0646\u062a\u062c\u0627\u062a\u0646\u0627 \u0645\u0635\u0646\u0648\u0639\u0629 \u0628\u0627\u0644\u0643\u0627\u0645\u0644 \u0641\u064a \u062a\u0631\u0643\u064a\u0627 \u0628\u0627\u0633\u062a\u062e\u062f\u0627\u0645 \u0641\u0648\u0644\u0627\u0630 \u0639\u0627\u0644\u064a \u0627\u0644\u0642\u0648\u0629\u060c \u0648\u064a\u062a\u0645 \u062a\u0635\u0646\u064a\u0639\u0647\u0627 \u0636\u0645\u0646 \u062e\u0637\u0648\u0637 \u0625\u0646\u062a\u0627\u062c CNC \u0648\u062a\u062e\u0636\u0639 \u0644\u0639\u0645\u0644\u064a\u0627\u062a \u0645\u0631\u0627\u0642\u0628\u0629 \u062c\u0648\u062f\u0629 \u0635\u0627\u0631\u0645\u0629 \u0644\u0636\u0645\u0627\u0646 \u0627\u0644\u0645\u062a\u0627\u0646\u0629 \u0648\u0627\u0644\u0643\u0641\u0627\u0621\u0629.<\/p>\n<p>\u0628\u0627\u0644\u0625\u0636\u0627\u0641\u0629 \u0625\u0644\u0649 \u0630\u0644\u0643\u060c \u062a\u062a\u0645\u064a\u0632 NG Attachments \u0628\u0642\u062f\u0631\u0627\u062a\u0647\u0627 \u0641\u064a <strong>\u062a\u062c\u0627\u0631\u0629 \u0635\u0641\u0627\u0626\u062d \u0627\u0644\u0641\u0648\u0644\u0627\u0630 \u0639\u0627\u0644\u064a\u0629 \u0627\u0644\u0635\u0644\u0627\u0628\u0629<\/strong> (\u0645\u062b\u0644 Hardox \u0648ST 52)\u060c \u0648\u0643\u0630\u0644\u0643 \u0641\u064a \u062a\u0646\u0641\u064a\u0630 <strong>\u0627\u0644\u0645\u0646\u0634\u0622\u062a \u0627\u0644\u0645\u0639\u062f\u0646\u064a\u0629 \u0627\u0644\u062e\u0627\u0635\u0629<\/strong> \u0645\u062b\u0644 \u0623\u0630\u0631\u0639 \u0627\u0644\u0631\u0627\u0641\u0639\u0627\u062a\u060c \u0627\u0644\u0647\u064a\u0627\u0643\u0644 \u0627\u0644\u0641\u0648\u0644\u0627\u0630\u064a\u0629 \u0627\u0644\u0635\u0646\u0627\u0639\u064a\u0629\u060c \u0648\u0627\u0644\u0645\u0646\u0635\u0627\u062a \u0627\u0644\u062e\u0627\u0635\u0629\u060c \u0625\u0636\u0627\u0641\u0629 \u0625\u0644\u0649 \u0645\u0634\u0627\u0631\u064a\u0639 \u062a\u0635\u0646\u064a\u0639 \u0645\u062e\u0635\u0635\u0629 \u062d\u0633\u0628 \u0627\u062d\u062a\u064a\u0627\u062c\u0627\u062a \u0627\u0644\u0639\u0645\u0644\u0627\u0621.<\/p>\n<p>\u0647\u062f\u0641\u0646\u0627 \u0647\u0648 \u0623\u0646 \u0646\u0643\u0648\u0646 \u0641\u064a \u0627\u0644\u0639\u0627\u0644\u0645 \u0627\u0644\u0639\u0631\u0628\u064a \u0644\u064a\u0633 \u0641\u0642\u0637 \u0645\u0648\u0631\u0651\u062f\u064b\u0627 \u0644\u0644\u0645\u0646\u062a\u062c\u0627\u062a\u060c \u0628\u0644 <strong>\u0639\u0644\u0627\u0645\u0629 \u062a\u062c\u0627\u0631\u064a\u0629 \u062a\u0631\u0643\u064a\u0629 \u0645\u0648\u062b\u0648\u0642\u0629 \u0648\u0645\u0639\u0631\u0648\u0641\u0629 \u0648\u0645\u0641\u0636\u0644\u0629<\/strong>. \u0646\u062d\u0646 \u0646\u0648\u0627\u0635\u0644 \u062a\u0642\u062f\u064a\u0645 \u0627\u0644\u0642\u064a\u0645\u0629 \u0644\u0639\u0645\u0644\u0627\u0626\u0646\u0627 \u0641\u064a \u0627\u0644\u0645\u0646\u0637\u0642\u0629 \u0645\u0646 \u062e\u0644\u0627\u0644 \u062c\u0648\u062f\u0629 \u0627\u0644\u062a\u0635\u0646\u064a\u0639\u060c \u0627\u0644\u062e\u0628\u0631\u0629 \u0627\u0644\u0647\u0646\u062f\u0633\u064a\u0629\u060c \u0648\u0627\u0644\u062a\u0632\u0627\u0645\u0646\u0627 \u0628\u0627\u0644\u062e\u062f\u0645\u0629 \u0627\u0644\u0641\u0639\u0627\u0644\u0629 \u0642\u0628\u0644 \u0648\u0628\u0639\u062f \u0627\u0644\u0628\u064a\u0639.<\/p>\n<p>\u0627\u0644\u064a\u0648\u0645\u060c \u062a\u064f\u0633\u062a\u062e\u062f\u0645 \u0645\u0646\u062a\u062c\u0627\u062a NG Attachments \u0641\u064a \u0627\u0644\u0639\u062f\u064a\u062f \u0645\u0646 \u0645\u0648\u0627\u0642\u0639 \u0627\u0644\u0639\u0645\u0644 \u0641\u064a \u0627\u0644\u0634\u0631\u0642 \u0627\u0644\u0623\u0648\u0633\u0637\u060c \u0648\u0642\u062f \u0623\u0635\u0628\u062d\u062a \u0639\u0644\u0627\u0645\u062a\u0646\u0627 \u0627\u0644\u062a\u062c\u0627\u0631\u064a\u0629 \u0627\u0644\u062e\u064a\u0627\u0631 \u0627\u0644\u0645\u0648\u062b\u0648\u0642 \u0644\u0634\u0631\u0643\u0627\u0621 \u0627\u0644\u0623\u0639\u0645\u0627\u0644 \u0641\u064a \u0627\u0644\u0645\u0646\u0637\u0642\u0629. \u0646\u062f\u0639\u0648\u0643\u0645 \u0644\u0627\u0643\u062a\u0634\u0627\u0641 \u062c\u0648\u062f\u0629 NG \u0648\u0627\u0644\u062a\u0645\u064a\u0632 \u0627\u0644\u0647\u0646\u062f\u0633\u064a \u0627\u0644\u0630\u064a \u0646\u0642\u062f\u0645\u0647.<\/p>\n<h2 style=\"color: #f75c03;\">\ud83d\udcde \u062a\u0648\u0627\u0635\u0644 \u0645\u0639\u0646\u0627<\/h2>\n<ul style=\"list-style-type: none; padding: 0;\">\n<li><strong>\ud83d\udccd \u0627\u0644\u0639\u0646\u0648\u0627\u0646:<\/strong> OST\u0130M OSB 1271 Cadde No:16-18\u060c \u0623\u0646\u0642\u0631\u0629\u060c \u062a\u0631\u0643\u064a\u0627<\/li>\n<li><strong>\ud83d\udcde \u0627\u0644\u0647\u0627\u062a\u0641:<\/strong> +90 (312) 440 60 34<\/li>\n<li><strong>\ud83d\udce0 \u0627\u0644\u0641\u0627\u0643\u0633:<\/strong> +90 (312) 440 60 76<\/li>\n<li><strong>\ud83d\udce7 \u0627\u0644\u0628\u0631\u064a\u062f \u0627\u0644\u0625\u0644\u0643\u062a\u0631\u0648\u0646\u064a:<\/strong> <a style=\"color: #f75c03;\" href=\"mailto:export@nurgroup.com.tr\">export@nurgroup.com.tr<\/a><\/li>\n<li><\/li>\n<\/ul>\n<h2 style=\"color: #f75c03;\">\u062a\u0627\u0628\u0639\u0646\u0627 \u0639\u0644\u0649 \u0648\u0633\u0627\u0626\u0644 \u0627\u0644\u062a\u0648\u0627\u0635\u0644 \u0627\u0644\u0627\u062c\u062a\u0645\u0627\u0639\u064a<\/h2>\n<p><a style=\"color: #f75c03;\" href=\"https:\/\/www.instagram.com\/ngattachments\/\" target=\"_blank\" rel=\"noopener nofollow\">\ud83d\udcf8 Instagram<\/a> |<br \/>\n<a style=\"color: #f75c03;\" href=\"https:\/\/www.facebook.com\/ngattachments\" target=\"_blank\" rel=\"noopener nofollow\">\ud83d\udcd8 Facebook<\/a> |<br \/>\n<a style=\"color: #f75c03;\" href=\"https:\/\/www.linkedin.com\/company\/ngattachments\/\" target=\"_blank\" rel=\"noopener nofollow\">\ud83d\udd17 LinkedIn<\/a><\/p>\n<p><!-- FAQ SCHEMA JSON-LD (commented out) --><br \/>\n<!--\n<script type=\"application\/ld+json\">\n  {\n    \"@context\": \"https:\/\/schema.org\",\n    \"@type\": \"FAQPage\",\n    \"mainEntity\": [\n      {\n        \"@type\": \"Question\",\n        \"name\": \"\u0623\u064a\u0646 \u064a\u0642\u0639 \u0645\u0642\u0631 \u0634\u0631\u0643\u0629 NG Attachments\u061f\",\n        \"acceptedAnswer\": {\n          \"@type\": \"Answer\",\n          \"text\": \"\u064a\u0642\u0639 \u0645\u0642\u0631\u0646\u0627 \u0648\u0645\u0635\u0646\u0639\u0646\u0627 \u0641\u064a \u0623\u0646\u0642\u0631\u0629\u060c \u062a\u0631\u0643\u064a\u0627\u060c \u062f\u0627\u062e\u0644 \u0627\u0644\u0645\u0646\u0637\u0642\u0629 \u0627\u0644\u0635\u0646\u0627\u0639\u064a\u0629 OST\u0130M.\"\n        }\n      },\n      {\n        \"@type\": \"Question\",\n        \"name\": \"\u0645\u0627 \u0647\u064a \u0623\u0646\u0648\u0627\u0639 \u0627\u0644\u0645\u0644\u062d\u0642\u0627\u062a \u0627\u0644\u062a\u064a \u062a\u0646\u062a\u062c\u0648\u0646\u0647\u0627\u061f\",\n        \"acceptedAnswer\": {\n          \"@type\": \"Answer\",\n          \"text\": \"\u0646\u0646\u062a\u062c \u0645\u0644\u062d\u0642\u0627\u062a \u0644\u0644\u062d\u0641\u0627\u0631\u0627\u062a\u060c \u0627\u0644\u0644\u0648\u0627\u062f\u0631 \u0628\u0639\u062c\u0644\u0627\u062a\u060c \u0627\u0644\u0644\u0648\u0627\u062f\u0631 \u0627\u0644\u0635\u063a\u064a\u0631\u0629\u060c \u0648\u0627\u0644\u0631\u0627\u0641\u0639\u0627\u062a \u0627\u0644\u062a\u0644\u0633\u0643\u0648\u0628\u064a\u0629\u060c \u0628\u0627\u0644\u0625\u0636\u0627\u0641\u0629 \u0625\u0644\u0649 \u0627\u0644\u0647\u064a\u0627\u0643\u0644 \u0627\u0644\u0641\u0648\u0644\u0627\u0630\u064a\u0629 \u0627\u0644\u062e\u0627\u0635\u0629.\"\n        }\n      }\n    ]\n  }\n  <\/script>\n--><\/p>\n<\/div>\n","protected":false},"excerpt":{"rendered":"<p>\u062a\u064f\u0639\u062f NG Attachments Makina D\u0131\u015f Ticaret A.\u015e. \u0634\u0631\u0643\u0629 \u062a\u0631\u0643\u064a\u0629 \u0631\u0627\u0626\u062f\u0629 \u0641\u064a \u062a\u0635\u0646\u064a\u0639 \u0645\u0644\u062d\u0642\u0627\u062a \u0645\u0639\u062f\u0627\u062a \u0627\u0644\u0628\u0646\u0627\u0621 \u0648\u0627\u0644\u0622\u0644\u064a\u0627\u062a \u0627\u0644\u062b\u0642\u064a\u0644\u0629\u060c \u0648\u062a\u062a\u0645\u062a\u0639 \u0628\u0637\u0627\u0642\u0629 \u0625\u0646\u062a\u0627\u062c\u064a\u0629 \u0642\u0648\u064a\u0629 \u0641\u064a \u0627\u0644\u0623\u0633\u0648\u0627\u0642 \u0627\u0644\u062f\u0648\u0644\u064a\u0629. \u0646\u0642\u0648\u0645 \u0641\u064a \u0645\u0635\u0646\u0639\u0646\u0627 \u0627\u0644\u062d\u062f\u064a\u062b \u0627\u0644\u0648\u0627\u0642\u0639 \u0641\u064a \u0645\u0646\u0637\u0642\u0629 OST\u0130M \u0627\u0644\u0635\u0646\u0627\u0639\u064a\u0629 \u0628\u0627\u0644\u0639\u0627\u0635\u0645\u0629 \u0623\u0646\u0642\u0631\u0629\u060c \u0628\u0625\u0646\u062a\u0627\u062c \u0645\u0639\u062f\u0627\u062a \u0639\u0627\u0644\u064a\u0629 \u0627\u0644\u0623\u062f\u0627\u0621 \u0648\u0637\u0648\u064a\u0644\u0629 \u0627\u0644\u0639\u0645\u0631 \u0648\u0641\u0642\u064b\u0627 \u0644\u0644\u0645\u0639\u0627\u064a\u064a\u0631 \u0627\u0644\u0623\u0648\u0631\u0648\u0628\u064a\u0629. \u062a\u062a\u062e\u0635\u0635 \u0634\u0631\u0643\u062a\u0646\u0627 \u0641\u064a \u062a\u0635\u0646\u064a\u0639 \u0645\u0644\u062d\u0642\u0627\u062a \u0627\u0644\u062d\u0641\u0627\u0631\u0627\u062a\u060c \u0645\u0644\u062d\u0642\u0627\u062a \u0627\u0644\u0644\u0648\u062f\u0631 \u0628\u0639\u062c\u0644\u0627\u062a\u060c \u0645\u0644\u062d\u0642\u0627\u062a \u0627\u0644\u0644\u0648\u062f\u0631 [&hellip;]<\/p>\n","protected":false},"author":1,"featured_media":0,"parent":0,"menu_order":0,"comment_status":"closed","ping_status":"closed","template":"","meta":{"pgc_sgb_lightbox_settings":"","footnotes":""},"class_list":["post-847","page","type-page","status-publish","hentry"],"_links":{"self":[{"href":"https:\/\/orangepeelgrabs.com\/ar\/wp-json\/wp\/v2\/pages\/847","targetHints":{"allow":["GET"]}}],"collection":[{"href":"https:\/\/orangepeelgrabs.com\/ar\/wp-json\/wp\/v2\/pages"}],"about":[{"href":"https:\/\/orangepeelgrabs.com\/ar\/wp-json\/wp\/v2\/types\/page"}],"author":[{"embeddable":true,"href":"https:\/\/orangepeelgrabs.com\/ar\/wp-json\/wp\/v2\/users\/1"}],"replies":[{"embeddable":true,"href":"https:\/\/orangepeelgrabs.com\/ar\/wp-json\/wp\/v2\/comments?post=847"}],"version-history":[{"count":3,"href":"https:\/\/orangepeelgrabs.com\/ar\/wp-json\/wp\/v2\/pages\/847\/revisions"}],"predecessor-version":[{"id":24105,"href":"https:\/\/orangepeelgrabs.com\/ar\/wp-json\/wp\/v2\/pages\/847\/revisions\/24105"}],"wp:attachment":[{"href":"https:\/\/orangepeelgrabs.com\/ar\/wp-json\/wp\/v2\/media?parent=847"}],"curies":[{"name":"wp","href":"https:\/\/api.w.org\/{rel}","templated":true}]}}