{"id":13539,"date":"2021-03-10T15:52:28","date_gmt":"2021-03-10T12:52:28","guid":{"rendered":"https:\/\/orangepeelgrabs.com\/?page_id=13539"},"modified":"2025-06-30T17:11:44","modified_gmt":"2025-06-30T14:11:44","slug":"handler-gesucht","status":"publish","type":"page","link":"https:\/\/orangepeelgrabs.com\/de\/handler-gesucht\/","title":{"rendered":"H\u00c4NDLER GESUCHT"},"content":{"rendered":"<div style=\"max-width: 900px; margin: auto; padding: 40px 20px; font-family: Arial, sans-serif;\">\n<h2 style=\"color: #f75c03; font-size: 32px; text-align: center; letter-spacing: 2px; font-weight: bold;\">H\u00c4NDLER GESUCHT<\/h2>\n<p style=\"font-size: 16px; color: #333; line-height: 1.6; text-align: center; max-width: 700px; margin: auto;\">NG Attachments sucht engagierte Vertriebspartner in ganz Europa und dar\u00fcber hinaus.<br \/>\nWenn Sie im Bereich Baumaschinen, Ersatzteile oder Anbauger\u00e4te t\u00e4tig sind, bieten wir Ihnen eine starke Marke, hochwertige Produkte und zuverl\u00e4ssige Unterst\u00fctzung.<br \/>\nWerden Sie Teil unseres internationalen Netzwerks und profitieren Sie von exklusiven H\u00e4ndlerkonditionen.<\/p>\n<div style=\"text-align: center; margin-top: 30px;\"><a style=\"background-color: #f75c03; color: #fff; padding: 12px 24px; text-decoration: none; border-radius: 5px; font-weight: bold;\" href=\"mailto:export@nurgroup.com.tr\"><br \/>\nJetzt bewerben<br \/>\n<\/a><\/div>\n<\/div>\n","protected":false},"excerpt":{"rendered":"<p>H\u00c4NDLER GESUCHT NG Attachments sucht engagierte Vertriebspartner in ganz Europa und dar\u00fcber hinaus. Wenn Sie im Bereich Baumaschinen, Ersatzteile oder Anbauger\u00e4te t\u00e4tig sind, bieten wir Ihnen eine starke Marke, hochwertige Produkte und zuverl\u00e4ssige Unterst\u00fctzung. Werden Sie Teil unseres internationalen Netzwerks und profitieren Sie von exklusiven H\u00e4ndlerkonditionen. Jetzt bewerben<\/p>\n","protected":false},"author":1,"featured_media":0,"parent":0,"menu_order":0,"comment_status":"closed","ping_status":"closed","template":"","meta":{"pgc_sgb_lightbox_settings":"","footnotes":""},"class_list":["post-13539","page","type-page","status-publish","hentry"],"_links":{"self":[{"href":"https:\/\/orangepeelgrabs.com\/de\/wp-json\/wp\/v2\/pages\/13539","targetHints":{"allow":["GET"]}}],"collection":[{"href":"https:\/\/orangepeelgrabs.com\/de\/wp-json\/wp\/v2\/pages"}],"about":[{"href":"https:\/\/orangepeelgrabs.com\/de\/wp-json\/wp\/v2\/types\/page"}],"author":[{"embeddable":true,"href":"https:\/\/orangepeelgrabs.com\/de\/wp-json\/wp\/v2\/users\/1"}],"replies":[{"embeddable":true,"href":"https:\/\/orangepeelgrabs.com\/de\/wp-json\/wp\/v2\/comments?post=13539"}],"version-history":[{"count":2,"href":"https:\/\/orangepeelgrabs.com\/de\/wp-json\/wp\/v2\/pages\/13539\/revisions"}],"predecessor-version":[{"id":24809,"href":"https:\/\/orangepeelgrabs.com\/de\/wp-json\/wp\/v2\/pages\/13539\/revisions\/24809"}],"wp:attachment":[{"href":"https:\/\/orangepeelgrabs.com\/de\/wp-json\/wp\/v2\/media?parent=13539"}],"curies":[{"name":"wp","href":"https:\/\/api.w.org\/{rel}","templated":true}]}}