{"id":13616,"date":"2021-03-13T10:38:10","date_gmt":"2021-03-13T07:38:10","guid":{"rendered":"https:\/\/orangepeelgrabs.com\/?page_id=13616"},"modified":"2021-03-13T10:40:41","modified_gmt":"2021-03-13T07:40:41","slug":"qualitatszertifikate","status":"publish","type":"page","link":"https:\/\/orangepeelgrabs.com\/de\/qualitatszertifikate\/","title":{"rendered":"QUAL\u0130T\u00e4TSZERT\u0130F\u0130KATE"},"content":{"rendered":"<h3 id=\"tw-target-text\" class=\"tw-data-text tw-text-large XcVN5d tw-ta\" dir=\"ltr\" data-placeholder=\"\u00c7eviri\"><span lang=\"de\" style=\"color: #ff9900;\">CE ZERTIFIKAT<\/span><\/h3>\n<h3><span style=\"color: #000080;\"><a href=\"https:\/\/orangepeelgrabs.com\/wp-content\/uploads\/2021\/03\/NG-ATTACHMENTS-CE-CERTIFICATED.pdf\" class=\"pdfemb-viewer\" style=\"\" data-width=\"max\" data-height=\"max\" data-toolbar=\"bottom\" data-toolbar-fixed=\"off\">NG ATTACHMENTS CE CERT\u0130F\u0130CATED<\/a><\/span><\/h3>\n<h3><span style=\"color: #ff9900;\">\u0130SO 9001 ZERTIFIKAT<\/span><\/h3>\n<h3><span style=\"color: #000080;\"><a href=\"https:\/\/orangepeelgrabs.com\/wp-content\/uploads\/2021\/03\/ISO-9001.pdf\" class=\"pdfemb-viewer\" style=\"\" data-width=\"max\" data-height=\"max\" data-toolbar=\"bottom\" data-toolbar-fixed=\"off\">ISO 9001<\/a><\/span><\/h3>\n","protected":false},"excerpt":{"rendered":"<p>CE ZERTIFIKAT \u0130SO 9001 ZERTIFIKAT<\/p>\n","protected":false},"author":1,"featured_media":0,"parent":0,"menu_order":0,"comment_status":"closed","ping_status":"closed","template":"","meta":{"pgc_sgb_lightbox_settings":"","footnotes":""},"class_list":["post-13616","page","type-page","status-publish","hentry"],"_links":{"self":[{"href":"https:\/\/orangepeelgrabs.com\/de\/wp-json\/wp\/v2\/pages\/13616","targetHints":{"allow":["GET"]}}],"collection":[{"href":"https:\/\/orangepeelgrabs.com\/de\/wp-json\/wp\/v2\/pages"}],"about":[{"href":"https:\/\/orangepeelgrabs.com\/de\/wp-json\/wp\/v2\/types\/page"}],"author":[{"embeddable":true,"href":"https:\/\/orangepeelgrabs.com\/de\/wp-json\/wp\/v2\/users\/1"}],"replies":[{"embeddable":true,"href":"https:\/\/orangepeelgrabs.com\/de\/wp-json\/wp\/v2\/comments?post=13616"}],"version-history":[{"count":0,"href":"https:\/\/orangepeelgrabs.com\/de\/wp-json\/wp\/v2\/pages\/13616\/revisions"}],"wp:attachment":[{"href":"https:\/\/orangepeelgrabs.com\/de\/wp-json\/wp\/v2\/media?parent=13616"}],"curies":[{"name":"wp","href":"https:\/\/api.w.org\/{rel}","templated":true}]}}