{"id":27330,"date":"2025-07-12T16:20:46","date_gmt":"2025-07-12T13:20:46","guid":{"rendered":"https:\/\/orangepeelgrabs.com\/?page_id=27330"},"modified":"2025-07-12T16:20:46","modified_gmt":"2025-07-12T13:20:46","slug":"dans-la-presse","status":"publish","type":"page","link":"https:\/\/orangepeelgrabs.com\/fr\/dans-la-presse\/","title":{"rendered":"DANS LA PRESSE"},"content":{"rendered":"<p>&nbsp;<\/p>\n<h1 style=\"color: #f75c03;\">Dans la Presse<\/h1>\n<h1 style=\"color: #f75c03;\">NG Attachments dans les M\u00e9dias Internationaux<\/h1>\n<p>En tant que fabricant turc d\u2019accessoires pour engins de chantier, <strong>NG Attachments<\/strong> a \u00e9t\u00e9 cit\u00e9 dans plusieurs m\u00e9dias nationaux et internationaux. Voici une s\u00e9lection d\u2019articles r\u00e9cents publi\u00e9s sur notre entreprise :<\/p>\n<ul style=\"line-height: 1.8;\">\n<li><a href=\"https:\/\/www.aa.com.tr\/tr\/gundem\/turk-kepce-ureticisi-gozunu-abd-pazarina-dikti\/3402627\" target=\"_blank\" rel=\"noopener nofollow\">Anadolu Agency \u2013 Le fabricant turc vise le march\u00e9 am\u00e9ricain<\/a><\/li>\n<li><a href=\"https:\/\/www.ostimgazetesi.com\/ostim\/miami-limaninin-atasmanlari-ostimden-haberi-3759\" target=\"_blank\" rel=\"noopener nofollow\">Ostim Gazetesi \u2013 Des \u00e9quipements d\u2019OST\u0130M pour le port de Miami<\/a><\/li>\n<li><a href=\"https:\/\/www.sozcu.com.tr\/turk-kepce-ureticisi-gozunu-abd-pazarina-dikti-p107247\" target=\"_blank\" rel=\"noopener nofollow\">S\u00f6zc\u00fc \u2013 NG Attachments se lance aux \u00c9tats-Unis<\/a><\/li>\n<li><a href=\"https:\/\/halktv.com.tr\/ekonomi\/turk-kepce-ureticisi-abdye-aciliyor-890973h\" target=\"_blank\" rel=\"noopener nofollow\">Halk TV \u2013 Exportation turque d\u2019\u00e9quipements pour la d\u00e9molition<\/a><\/li>\n<li><a href=\"https:\/\/www.haberabd.com\/turk-kepce-ureticisi-gozunu-abd-pazarina-dikti-396760h.htm\" target=\"_blank\" rel=\"noopener nofollow\">HaberABD \u2013 NG Attachments en une des journaux am\u00e9ricains<\/a><\/li>\n<li><a href=\"https:\/\/www.haberturk.com\/ankara-haberleri\/36276837-ozel-haber-gundemi\u201324-kasim-2024\" target=\"_blank\" rel=\"noopener nofollow\">Habert\u00fcrk \u2013 Le succ\u00e8s mondial d\u2019OST\u0130M<\/a><\/li>\n<\/ul>\n<h2 style=\"color: #f75c03;\">Sujets Couverts<\/h2>\n<ul>\n<li>Exportation de godets et grappins hydrauliques<\/li>\n<li>\u00c9quipements portuaires et bras long reach<\/li>\n<li>Fabrication 100% turque avec normes CE<\/li>\n<li>Pr\u00e9sence en Europe, en Am\u00e9rique et au Moyen-Orient<\/li>\n<\/ul>\n<h2 style=\"color: #f75c03;\">Contact Presse<\/h2>\n<p>Pour toute demande d\u2019interview, dossier de presse ou informations suppl\u00e9mentaires :<\/p>\n<p><a style=\"color: #f75c03;\" href=\"mailto:info@orangepeelgrabs.com\">i-<\/a><br \/>\n<a style=\"color: #f75c03;\" href=\"https:\/\/orangepeelgrabs.com\" target=\"_blank\" rel=\"noopener\">orangepeelgrabs.com<\/a><\/p>\n<p><!-- Mots-cl\u00e9s SEO cach\u00e9s --><\/p>\n<div style=\"display: none;\">NG Attachments presse, fabricant godet Turquie, grappin hydraulique, bras de d\u00e9molition, \u00e9quipements OSTIM, m\u00e9dias engins de chantier, exportation \u00e9quipements construction, port hydraulique, machines lourdes presse internationale, accessoires pour pelles m\u00e9caniques<\/div>\n<p>&nbsp;<\/p>\n","protected":false},"excerpt":{"rendered":"<p>&nbsp; Dans la Presse NG Attachments dans les M\u00e9dias Internationaux En tant que fabricant turc d\u2019accessoires pour engins de chantier, NG Attachments a \u00e9t\u00e9 cit\u00e9 dans plusieurs m\u00e9dias nationaux et internationaux. Voici une s\u00e9lection d\u2019articles r\u00e9cents publi\u00e9s sur notre entreprise : Anadolu Agency \u2013 Le fabricant turc vise le march\u00e9 am\u00e9ricain Ostim Gazetesi \u2013 Des [&hellip;]<\/p>\n","protected":false},"author":1,"featured_media":0,"parent":0,"menu_order":0,"comment_status":"closed","ping_status":"closed","template":"","meta":{"pgc_sgb_lightbox_settings":"","footnotes":""},"class_list":["post-27330","page","type-page","status-publish","hentry"],"_links":{"self":[{"href":"https:\/\/orangepeelgrabs.com\/fr\/wp-json\/wp\/v2\/pages\/27330","targetHints":{"allow":["GET"]}}],"collection":[{"href":"https:\/\/orangepeelgrabs.com\/fr\/wp-json\/wp\/v2\/pages"}],"about":[{"href":"https:\/\/orangepeelgrabs.com\/fr\/wp-json\/wp\/v2\/types\/page"}],"author":[{"embeddable":true,"href":"https:\/\/orangepeelgrabs.com\/fr\/wp-json\/wp\/v2\/users\/1"}],"replies":[{"embeddable":true,"href":"https:\/\/orangepeelgrabs.com\/fr\/wp-json\/wp\/v2\/comments?post=27330"}],"version-history":[{"count":1,"href":"https:\/\/orangepeelgrabs.com\/fr\/wp-json\/wp\/v2\/pages\/27330\/revisions"}],"predecessor-version":[{"id":27331,"href":"https:\/\/orangepeelgrabs.com\/fr\/wp-json\/wp\/v2\/pages\/27330\/revisions\/27331"}],"wp:attachment":[{"href":"https:\/\/orangepeelgrabs.com\/fr\/wp-json\/wp\/v2\/media?parent=27330"}],"curies":[{"name":"wp","href":"https:\/\/api.w.org\/{rel}","templated":true}]}}